{"id":100223,"date":"2023-02-06T07:50:33","date_gmt":"2023-02-06T06:50:33","guid":{"rendered":"https:\/\/krm-metalworking.com\/?page_id=100223"},"modified":"2023-10-23T21:47:40","modified_gmt":"2023-10-23T19:47:40","slug":"kontakt","status":"publish","type":"page","link":"https:\/\/krm-metalworking.com\/en\/kontakt\/","title":{"rendered":"Contact"},"content":{"rendered":"<p>[et_pb_section fb_built=&#8221;1&#8243; module_class=&#8221;dct_plx&#8221; _builder_version=&#8221;4.7.7&#8243; _module_preset=&#8221;default&#8221; background_image=&#8221;https:\/\/krm-metalworking.com\/wp-content\/uploads\/2023\/02\/divi-manufacturer-theme-img-9.jpg&#8221; parallax=&#8221;on&#8221; custom_padding=&#8221;0px||0px||true|false&#8221; global_colors_info=&#8221;{}&#8221;][et_pb_row custom_padding_last_edited=&#8221;on|tablet&#8221; _builder_version=&#8221;4.7.7&#8243; _module_preset=&#8221;default&#8221; custom_padding=&#8221;70px||50px||false|false&#8221; custom_padding_tablet=&#8221;30px||30px||true|false&#8221; custom_padding_phone=&#8221;&#8221; global_colors_info=&#8221;{}&#8221;][et_pb_column type=&#8221;4_4&#8243; _builder_version=&#8221;4.5.8&#8243; _module_preset=&#8221;default&#8221; global_colors_info=&#8221;{}&#8221;][et_pb_text _builder_version=&#8221;4.5.8&#8243; _dynamic_attributes=&#8221;content&#8221; _module_preset=&#8221;default&#8221; text_font=&#8221;|700||on|||||&#8221; text_text_color=&#8221;#ffffff&#8221; text_font_size=&#8221;35px&#8221; text_letter_spacing=&#8221;1px&#8221; positioning=&#8221;relative&#8221; custom_margin=&#8221;||20px|15px|false|false&#8221; custom_padding=&#8221;||19px||false|false&#8221; text_font_size_tablet=&#8221;30px&#8221; text_font_size_phone=&#8221;25px&#8221; text_font_size_last_edited=&#8221;on|tablet&#8221; text_orientation_tablet=&#8221;center&#8221; text_orientation_phone=&#8221;&#8221; text_orientation_last_edited=&#8221;on|tablet&#8221; custom_css_after=&#8221;content: &#8221;;||background: var(&#8211;color-1);||width: 50px;||height: 2px;||position: absolute;||bottom: 0;||left: 0;&#8221; global_colors_info=&#8221;{}&#8221; custom_css_after_last_edited=&#8221;on|tablet&#8221; custom_css_after_tablet=&#8221;content: &#8221;;||background: var(&#8211;color-1);||width: 50px;||height: 2px;||position: absolute;||bottom: 0;||left: 50%;||transform: translateX(-50%);&#8221; custom_css_after_phone=&#8221;content: &#8221;;||background: var(&#8211;color-1);||width: 50px;||height: 2px;||position: absolute;||bottom: 0;||left: 50%;||transform: translateX(-50%);&#8221;]@ET-DC@eyJkeW5hbWljIjp0cnVlLCJjb250ZW50IjoicG9zdF90aXRsZSIsInNldHRpbmdzIjp7ImJlZm9yZSI6IiIsImFmdGVyIjoiIn19@[\/et_pb_text][\/et_pb_column][\/et_pb_row][et_pb_row use_custom_gutter=&#8221;on&#8221; gutter_width=&#8221;2&#8243; _builder_version=&#8221;4.5.8&#8243; _module_preset=&#8221;default&#8221; background_color=&#8221;rgba(0,0,0,0.27)&#8221; width_tablet=&#8221;80%&#8221; width_last_edited=&#8221;off|desktop&#8221; max_width_tablet=&#8221;1080px&#8221; max_width_phone=&#8221;&#8221; max_width_last_edited=&#8221;on|tablet&#8221; custom_padding=&#8221;15px||15px|20px|true|false&#8221; border_radii=&#8221;off|10px|10px||&#8221; global_colors_info=&#8221;{}&#8221;][et_pb_column type=&#8221;4_4&#8243; _builder_version=&#8221;4.5.8&#8243; _module_preset=&#8221;default&#8221; global_colors_info=&#8221;{}&#8221;][et_pb_blurb title=&#8221;Home&#8221; url=&#8221;@ET-DC@eyJkeW5hbWljIjp0cnVlLCJjb250ZW50IjoiaG9tZV91cmwiLCJzZXR0aW5ncyI6e319@&#8221; content_max_width=&#8221;100%&#8221; module_class=&#8221;dct_page_title&#8221; _builder_version=&#8221;4.13.0&#8243; _dynamic_attributes=&#8221;content,url&#8221; _module_preset=&#8221;default&#8221; header_font=&#8221;||||||||&#8221; header_text_color=&#8221;#ffffff&#8221; header_font_size=&#8221;16px&#8221; body_font=&#8221;||||||||&#8221; header_text_align_last_edited=&#8221;off|tablet&#8221; text_orientation_tablet=&#8221;center&#8221; text_orientation_last_edited=&#8221;off|desktop&#8221; custom_css_blurb_title=&#8221;float:left;&#8221; global_colors_info=&#8221;{}&#8221;]@ET-DC@eyJkeW5hbWljIjp0cnVlLCJjb250ZW50IjoicG9zdF90aXRsZSIsInNldHRpbmdzIjp7ImJlZm9yZSI6IiIsImFmdGVyIjoiIn19@[\/et_pb_blurb][\/et_pb_column][\/et_pb_row][\/et_pb_section][et_pb_section fb_built=&#8221;1&#8243; _builder_version=&#8221;4.0.8&#8243; custom_margin=&#8221;||||false|false&#8221; custom_padding=&#8221;0px||0px||true|false&#8221; global_colors_info=&#8221;{}&#8221;][et_pb_row use_custom_gutter=&#8221;on&#8221; gutter_width=&#8221;1&#8243; make_equal=&#8221;on&#8221; _builder_version=&#8221;4.0.7&#8243; width=&#8221;100%&#8221; max_width=&#8221;2560px&#8221; custom_margin=&#8221;||||false|false&#8221; custom_padding=&#8221;0px||0px||true|false&#8221; global_colors_info=&#8221;{}&#8221;][et_pb_column type=&#8221;4_4&#8243; _builder_version=&#8221;4.0.7&#8243; global_colors_info=&#8221;{}&#8221;][et_pb_code _builder_version=&#8221;4.14.7&#8243; filter_saturate=&#8221;0%&#8221; filter_brightness=&#8221;75%&#8221; filter_contrast=&#8221;200%&#8221; hover_enabled=&#8221;0&#8243; global_colors_info=&#8221;{}&#8221; sticky_enabled=&#8221;0&#8243;]<iframe loading=\"lazy\" src=\"https:\/\/www.google.com\/maps\/embed?pb=!1m14!1m8!1m3!1d10200.552696750634!2d19.0807161!3d50.2706786!3m2!1i1024!2i768!4f13.1!3m3!1m2!1s0x4716d1aa46d639d3%3A0x9dab546640ea2f2e!2sKRM-TRADE%20sp.%20z%20o.o.!5e0!3m2!1spl!2spl!4v1680185999893!5m2!1spl!2spl\" width=\"100%\" height=\"400\" frameborder=\"0\" style=\"border:0\"><\/iframe>[\/et_pb_code][\/et_pb_column][\/et_pb_row][\/et_pb_section][et_pb_section fb_built=&#8221;1&#8243; custom_padding_last_edited=&#8221;on|tablet&#8221; _builder_version=&#8221;4.7.7&#8243; _module_preset=&#8221;default&#8221; custom_padding_tablet=&#8221;0px||0px||true|false&#8221; custom_padding_phone=&#8221;&#8221; global_colors_info=&#8221;{}&#8221;][et_pb_row column_structure=&#8221;1_2,1_2&#8243; _builder_version=&#8221;4.7.7&#8243; _module_preset=&#8221;default&#8221; global_colors_info=&#8221;{}&#8221;][et_pb_column type=&#8221;1_2&#8243; _builder_version=&#8221;4.7.7&#8243; _module_preset=&#8221;default&#8221; global_colors_info=&#8221;{}&#8221;][et_pb_blurb content_max_width=&#8221;100%&#8221; _builder_version=&#8221;4.14.7&#8243; _module_preset=&#8221;default&#8221; header_font=&#8221;|600||on|||||&#8221; header_font_size=&#8221;15px&#8221; header_letter_spacing=&#8221;1px&#8221; body_font=&#8221;|700||on|||||&#8221; body_text_color=&#8221;#333333&#8243; body_font_size=&#8221;25px&#8221; body_letter_spacing=&#8221;1px&#8221; custom_margin=&#8221;||20px||false|false&#8221; custom_margin_tablet=&#8221;||15px||false|false&#8221; custom_margin_phone=&#8221;&#8221; custom_margin_last_edited=&#8221;on|desktop&#8221; body_font_size_tablet=&#8221;&#8221; body_font_size_phone=&#8221;22px&#8221; body_font_size_last_edited=&#8221;on|phone&#8221; custom_css_blurb_title=&#8221;color:var(&#8211;color-1);&#8221; global_colors_info=&#8221;{}&#8221;]<\/p>\n<p>Contact form<\/p>\n<p>[\/et_pb_blurb][et_pb_divider module_class=&#8221;dct_divider &#8221; _builder_version=&#8221;4.5.8&#8243; _module_preset=&#8221;default&#8221; custom_margin=&#8221;||20px||false|false&#8221; global_colors_info=&#8221;{}&#8221;][\/et_pb_divider][et_pb_contact_form captcha=&#8221;off&#8221; submit_button_text=&#8221;Wy\u015blij&#8221; module_class=&#8221;dct_contact_v3&#8243; _builder_version=&#8221;4.14.7&#8243; _unique_id=&#8221;7c24065d-8f1d-4717-adb9-bca38a238cfe&#8221; form_field_background_color=&#8221;rgba(0,0,0,0)&#8221; form_field_custom_margin_tablet=&#8221;||10px||false|false&#8221; form_field_custom_margin_phone=&#8221;&#8221; form_field_custom_margin_last_edited=&#8221;on|tablet&#8221; custom_button=&#8221;on&#8221; button_text_size=&#8221;16px&#8221; button_text_color=&#8221;#ffffff&#8221; button_border_width=&#8221;0px&#8221; button_border_radius=&#8221;25px&#8221; button_letter_spacing=&#8221;1px&#8221; button_font=&#8221;|600||on|||||&#8221; button_use_icon=&#8221;off&#8221; button_custom_padding=&#8221;10px|25px|10px|25px|true|true&#8221; hover_enabled=&#8221;0&#8243; custom_css_contact_button=&#8221;background:var(&#8211;color-1);&#8221; border_width_all=&#8221;1px&#8221; border_color_all=&#8221;#cccccc&#8221; global_colors_info=&#8221;{}&#8221; sticky_enabled=&#8221;0&#8243; admin_label=&#8221;Formularz kontaktowy&#8221;][et_pb_contact_field field_id=&#8221;Name&#8221; field_title=&#8221;Imi\u0119&#8221; fullwidth_field=&#8221;on&#8221; _builder_version=&#8221;4.14.7&#8243; global_colors_info=&#8221;{}&#8221; button_text_size__hover_enabled=&#8221;off&#8221; button_one_text_size__hover_enabled=&#8221;off&#8221; button_two_text_size__hover_enabled=&#8221;off&#8221; button_text_color__hover_enabled=&#8221;off&#8221; button_one_text_color__hover_enabled=&#8221;off&#8221; button_two_text_color__hover_enabled=&#8221;off&#8221; button_border_width__hover_enabled=&#8221;off&#8221; button_one_border_width__hover_enabled=&#8221;off&#8221; button_two_border_width__hover_enabled=&#8221;off&#8221; button_border_color__hover_enabled=&#8221;off&#8221; button_one_border_color__hover_enabled=&#8221;off&#8221; button_two_border_color__hover_enabled=&#8221;off&#8221; button_border_radius__hover_enabled=&#8221;off&#8221; button_one_border_radius__hover_enabled=&#8221;off&#8221; button_two_border_radius__hover_enabled=&#8221;off&#8221; button_letter_spacing__hover_enabled=&#8221;off&#8221; button_one_letter_spacing__hover_enabled=&#8221;off&#8221; button_two_letter_spacing__hover_enabled=&#8221;off&#8221; button_bg_color__hover_enabled=&#8221;off&#8221; button_one_bg_color__hover_enabled=&#8221;off&#8221; button_two_bg_color__hover_enabled=&#8221;off&#8221;][\/et_pb_contact_field][et_pb_contact_field field_id=&#8221;Email&#8221; field_title=&#8221;Email Address&#8221; field_type=&#8221;email&#8221; fullwidth_field=&#8221;on&#8221; _builder_version=&#8221;4.0.7&#8243; global_colors_info=&#8221;{}&#8221; button_text_size__hover_enabled=&#8221;off&#8221; button_one_text_size__hover_enabled=&#8221;off&#8221; button_two_text_size__hover_enabled=&#8221;off&#8221; button_text_color__hover_enabled=&#8221;off&#8221; button_one_text_color__hover_enabled=&#8221;off&#8221; button_two_text_color__hover_enabled=&#8221;off&#8221; button_border_width__hover_enabled=&#8221;off&#8221; button_one_border_width__hover_enabled=&#8221;off&#8221; button_two_border_width__hover_enabled=&#8221;off&#8221; button_border_color__hover_enabled=&#8221;off&#8221; button_one_border_color__hover_enabled=&#8221;off&#8221; button_two_border_color__hover_enabled=&#8221;off&#8221; button_border_radius__hover_enabled=&#8221;off&#8221; button_one_border_radius__hover_enabled=&#8221;off&#8221; button_two_border_radius__hover_enabled=&#8221;off&#8221; button_letter_spacing__hover_enabled=&#8221;off&#8221; button_one_letter_spacing__hover_enabled=&#8221;off&#8221; button_two_letter_spacing__hover_enabled=&#8221;off&#8221; button_bg_color__hover_enabled=&#8221;off&#8221; button_one_bg_color__hover_enabled=&#8221;off&#8221; button_two_bg_color__hover_enabled=&#8221;off&#8221;][\/et_pb_contact_field][et_pb_contact_field field_id=&#8221;Phone&#8221; field_title=&#8221;Telefon&#8221; allowed_symbols=&#8221;numbers&#8221; fullwidth_field=&#8221;on&#8221; _builder_version=&#8221;4.14.7&#8243; global_colors_info=&#8221;{}&#8221; button_text_size__hover_enabled=&#8221;off&#8221; button_one_text_size__hover_enabled=&#8221;off&#8221; button_two_text_size__hover_enabled=&#8221;off&#8221; button_text_color__hover_enabled=&#8221;off&#8221; button_one_text_color__hover_enabled=&#8221;off&#8221; button_two_text_color__hover_enabled=&#8221;off&#8221; button_border_width__hover_enabled=&#8221;off&#8221; button_one_border_width__hover_enabled=&#8221;off&#8221; button_two_border_width__hover_enabled=&#8221;off&#8221; button_border_color__hover_enabled=&#8221;off&#8221; button_one_border_color__hover_enabled=&#8221;off&#8221; button_two_border_color__hover_enabled=&#8221;off&#8221; button_border_radius__hover_enabled=&#8221;off&#8221; button_one_border_radius__hover_enabled=&#8221;off&#8221; button_two_border_radius__hover_enabled=&#8221;off&#8221; button_letter_spacing__hover_enabled=&#8221;off&#8221; button_one_letter_spacing__hover_enabled=&#8221;off&#8221; button_two_letter_spacing__hover_enabled=&#8221;off&#8221; button_bg_color__hover_enabled=&#8221;off&#8221; button_one_bg_color__hover_enabled=&#8221;off&#8221; button_two_bg_color__hover_enabled=&#8221;off&#8221;][\/et_pb_contact_field][et_pb_contact_field field_id=&#8221;Message&#8221; field_title=&#8221;Wiadomo\u015b\u0107&#8221; field_type=&#8221;text&#8221; fullwidth_field=&#8221;on&#8221; _builder_version=&#8221;4.14.7&#8243; global_colors_info=&#8221;{}&#8221; button_text_size__hover_enabled=&#8221;off&#8221; button_one_text_size__hover_enabled=&#8221;off&#8221; button_two_text_size__hover_enabled=&#8221;off&#8221; button_text_color__hover_enabled=&#8221;off&#8221; button_one_text_color__hover_enabled=&#8221;off&#8221; button_two_text_color__hover_enabled=&#8221;off&#8221; button_border_width__hover_enabled=&#8221;off&#8221; button_one_border_width__hover_enabled=&#8221;off&#8221; button_two_border_width__hover_enabled=&#8221;off&#8221; button_border_color__hover_enabled=&#8221;off&#8221; button_one_border_color__hover_enabled=&#8221;off&#8221; button_two_border_color__hover_enabled=&#8221;off&#8221; button_border_radius__hover_enabled=&#8221;off&#8221; button_one_border_radius__hover_enabled=&#8221;off&#8221; button_two_border_radius__hover_enabled=&#8221;off&#8221; button_letter_spacing__hover_enabled=&#8221;off&#8221; button_one_letter_spacing__hover_enabled=&#8221;off&#8221; button_two_letter_spacing__hover_enabled=&#8221;off&#8221; button_bg_color__hover_enabled=&#8221;off&#8221; button_one_bg_color__hover_enabled=&#8221;off&#8221; button_two_bg_color__hover_enabled=&#8221;off&#8221;][\/et_pb_contact_field][et_pb_contact_field fullwidth_field=&#8221;on&#8221; _builder_version=&#8221;4.14.7&#8243; _module_preset=&#8221;default&#8221; field_type=&#8221;checkbox&#8221; checkbox_options=&#8221;%91{%22value%22:%22Dane osobowe zawarte w formularzu kontaktowym b\u0119d\u0105 przetwarzane przez KRM &#8211; TRADE Sp. z o.o., Katowice, ul. Wandy 16B, 40-322, Katowice w celu udzielenia odpowiedzi lub za\u0142atwienia Twojej sprawy. Je\u017celi udzielenie odpowiedzi b\u0119dzie wi\u0105za\u0142o si\u0119 z przes\u0142aniem informacji marketingowych, przez wype\u0142nienie poszczeg\u00f3lnych p\u00f3l formularza kontaktowego wyra\u017anie potwierdzasz zgod\u0119 na przekazanie Ci informacji o wybranych produktach lub us\u0142ugach na podany przez Ciebie adres e-mail lub numer telefonu. Mo\u017cesz cofn\u0105\u0107 zgod\u0119 w ka\u017cdym momencie bez podawania przyczyny, lecz bez wp\u0142ywu na zgodno\u015b\u0107 z prawem przetwarzania przed jej cofni\u0119ciem. Przys\u0142uguj\u0105 Ci prawa na podstawie RODO, m.in. prawo dost\u0119pu do danych, do sprostowania, do zapomnienia i do ich przenoszenia. Pe\u0142n\u0105 informacj\u0119 RODO znajdziesz na stronie klauzula informacyjna%22,%22checked%22:0,%22dragID%22:-1}%93&#8243; hover_enabled=&#8221;0&#8243; sticky_enabled=&#8221;0&#8243; field_id=&#8221;Field_5&#8243; field_title=&#8221; &#8222;][\/et_pb_contact_field][\/et_pb_contact_form][\/et_pb_column][et_pb_column type=&#8221;1_2&#8243; _builder_version=&#8221;4.7.7&#8243; _module_preset=&#8221;default&#8221; global_colors_info=&#8221;{}&#8221;][et_pb_blurb content_max_width=&#8221;100%&#8221; _builder_version=&#8221;4.14.7&#8243; _module_preset=&#8221;default&#8221; header_font=&#8221;|600||on|||||&#8221; header_font_size=&#8221;15px&#8221; header_letter_spacing=&#8221;1px&#8221; body_font=&#8221;|700||on|||||&#8221; body_text_color=&#8221;#333333&#8243; body_font_size=&#8221;25px&#8221; body_letter_spacing=&#8221;1px&#8221; custom_margin=&#8221;||20px||false|false&#8221; custom_margin_tablet=&#8221;||15px||false|false&#8221; custom_margin_phone=&#8221;&#8221; custom_margin_last_edited=&#8221;on|desktop&#8221; body_font_size_tablet=&#8221;&#8221; body_font_size_phone=&#8221;22px&#8221; body_font_size_last_edited=&#8221;on|phone&#8221; custom_css_blurb_title=&#8221;color:var(&#8211;color-1);&#8221; global_colors_info=&#8221;{}&#8221;]<\/p>\n<p>Contact details<\/p>\n<p>[\/et_pb_blurb][et_pb_divider module_class=&#8221;dct_divider &#8221; _builder_version=&#8221;4.5.8&#8243; _module_preset=&#8221;default&#8221; custom_margin=&#8221;||20px||false|false&#8221; global_colors_info=&#8221;{}&#8221;][\/et_pb_divider][et_pb_blurb title=&#8221;Adres&#8221; use_icon=&#8221;on&#8221; font_icon=&#8221;&#xe081;||divi||400&#8243; icon_placement=&#8221;left&#8221; module_class=&#8221;dct_icon&#8221; _builder_version=&#8221;4.14.7&#8243; _module_preset=&#8221;default&#8221; custom_margin=&#8221;||0px||false|false&#8221; custom_padding=&#8221;30px||30px||true|false&#8221; border_width_bottom=&#8221;1px&#8221; border_color_bottom=&#8221;#ccc&#8221; global_colors_info=&#8221;{}&#8221;]<\/p>\n<p>Wandy 16B, 40-322 Katowice<\/p>\n<p>[\/et_pb_blurb][et_pb_blurb title=&#8221;Telefon&#8221; use_icon=&#8221;on&#8221; font_icon=&#8221;&#xe090;||divi||400&#8243; icon_placement=&#8221;left&#8221; module_class=&#8221;dct_icon&#8221; _builder_version=&#8221;4.14.7&#8243; _module_preset=&#8221;default&#8221; custom_margin=&#8221;||0px||false|false&#8221; custom_padding=&#8221;30px||30px||true|false&#8221; border_width_bottom=&#8221;1px&#8221; border_color_bottom=&#8221;#ccc&#8221; global_colors_info=&#8221;{}&#8221;]<\/p>\n<p>(+48) 796 369 439<\/p>\n<p>[\/et_pb_blurb][et_pb_blurb title=&#8221;Email&#8221; use_icon=&#8221;on&#8221; font_icon=&#8221;&#xe076;||divi||400&#8243; icon_placement=&#8221;left&#8221; module_class=&#8221;dct_icon&#8221; _builder_version=&#8221;4.14.7&#8243; _module_preset=&#8221;default&#8221; custom_margin=&#8221;||0px||false|false&#8221; custom_padding=&#8221;30px||30px||true|false&#8221; border_width_bottom=&#8221;1px&#8221; border_color_bottom=&#8221;#ccc&#8221; global_colors_info=&#8221;{}&#8221;]<\/p>\n<p>info@krm-trade.pl<\/p>\n<p>[\/et_pb_blurb][\/et_pb_column][\/et_pb_row][\/et_pb_section]<\/p>","protected":false},"excerpt":{"rendered":"<p>Formularz kontaktowyDane kontaktoweWandy 16B, 40-322 Katowice(+48) 796 369 439info@krm-trade.pl<\/p>","protected":false},"author":2,"featured_media":0,"parent":0,"menu_order":0,"comment_status":"closed","ping_status":"closed","template":"","meta":{"_et_pb_use_builder":"on","_et_pb_old_content":"","_et_gb_content_width":"","footnotes":""},"class_list":["post-100223","page","type-page","status-publish","hentry"],"yoast_head":"<!-- This site is optimized with the Yoast SEO plugin v20.2.1 - https:\/\/yoast.com\/wordpress\/plugins\/seo\/ -->\n<title>Kontakt | KRM Metal Working<\/title>\n<meta name=\"description\" content=\"Kontakt | KRM Metal Working \u26a1 Oferujemy szeroki zakres us\u0142ug frezowania, toczenia, przycinania, t\u0142oczenia metali \u2705 Zapraszamy!\" \/>\n<meta name=\"robots\" content=\"index, follow, max-snippet:-1, max-image-preview:large, max-video-preview:-1\" \/>\n<link rel=\"canonical\" href=\"https:\/\/krm-metalworking.com\/en\/kontakt\/\" \/>\n<meta property=\"og:locale\" content=\"en_GB\" \/>\n<meta property=\"og:type\" content=\"article\" \/>\n<meta property=\"og:title\" content=\"Kontakt | KRM Metal Working\" \/>\n<meta property=\"og:description\" content=\"Kontakt | KRM Metal Working \u26a1 Oferujemy szeroki zakres us\u0142ug frezowania, toczenia, przycinania, t\u0142oczenia metali \u2705 Zapraszamy!\" \/>\n<meta property=\"og:url\" content=\"https:\/\/krm-metalworking.com\/en\/kontakt\/\" \/>\n<meta property=\"og:site_name\" content=\"KRM Metal Working\" \/>\n<meta property=\"article:modified_time\" content=\"2023-10-23T19:47:40+00:00\" \/>\n<meta name=\"twitter:card\" content=\"summary_large_image\" \/>\n<meta name=\"twitter:label1\" content=\"Estimated reading time\" \/>\n\t<meta name=\"twitter:data1\" content=\"9 minutes\" \/>\n<script type=\"application\/ld+json\" class=\"yoast-schema-graph\">{\"@context\":\"https:\/\/schema.org\",\"@graph\":[{\"@type\":\"WebPage\",\"@id\":\"https:\/\/krm-metalworking.com\/kontakt\/\",\"url\":\"https:\/\/krm-metalworking.com\/kontakt\/\",\"name\":\"Kontakt | KRM Metal Working\",\"isPartOf\":{\"@id\":\"https:\/\/krm-metalworking.com\/#website\"},\"datePublished\":\"2023-02-06T06:50:33+00:00\",\"dateModified\":\"2023-10-23T19:47:40+00:00\",\"description\":\"Kontakt | KRM Metal Working \u26a1 Oferujemy szeroki zakres us\u0142ug frezowania, toczenia, przycinania, t\u0142oczenia metali \u2705 Zapraszamy!\",\"breadcrumb\":{\"@id\":\"https:\/\/krm-metalworking.com\/kontakt\/#breadcrumb\"},\"inLanguage\":\"en-GB\",\"potentialAction\":[{\"@type\":\"ReadAction\",\"target\":[\"https:\/\/krm-metalworking.com\/kontakt\/\"]}]},{\"@type\":\"BreadcrumbList\",\"@id\":\"https:\/\/krm-metalworking.com\/kontakt\/#breadcrumb\",\"itemListElement\":[{\"@type\":\"ListItem\",\"position\":1,\"name\":\"Strona g\u0142\u00f3wna\",\"item\":\"https:\/\/krm-metalworking.com\/\"},{\"@type\":\"ListItem\",\"position\":2,\"name\":\"Kontakt\"}]},{\"@type\":\"WebSite\",\"@id\":\"https:\/\/krm-metalworking.com\/#website\",\"url\":\"https:\/\/krm-metalworking.com\/\",\"name\":\"KRM Metal Working\",\"description\":\"Kolejna witryna oparta na WordPressie\",\"potentialAction\":[{\"@type\":\"SearchAction\",\"target\":{\"@type\":\"EntryPoint\",\"urlTemplate\":\"https:\/\/krm-metalworking.com\/?s={search_term_string}\"},\"query-input\":\"required name=search_term_string\"}],\"inLanguage\":\"en-GB\"}]}<\/script>\n<!-- \/ Yoast SEO plugin. -->","yoast_head_json":{"title":"Kontakt | KRM Metal Working","description":"Kontakt | KRM Metal Working \u26a1 Oferujemy szeroki zakres us\u0142ug frezowania, toczenia, przycinania, t\u0142oczenia metali \u2705 Zapraszamy!","robots":{"index":"index","follow":"follow","max-snippet":"max-snippet:-1","max-image-preview":"max-image-preview:large","max-video-preview":"max-video-preview:-1"},"canonical":"https:\/\/krm-metalworking.com\/en\/kontakt\/","og_locale":"en_GB","og_type":"article","og_title":"Kontakt | KRM Metal Working","og_description":"Kontakt | KRM Metal Working \u26a1 Oferujemy szeroki zakres us\u0142ug frezowania, toczenia, przycinania, t\u0142oczenia metali \u2705 Zapraszamy!","og_url":"https:\/\/krm-metalworking.com\/en\/kontakt\/","og_site_name":"KRM Metal Working","article_modified_time":"2023-10-23T19:47:40+00:00","twitter_card":"summary_large_image","twitter_misc":{"Estimated reading time":"9 minutes"},"schema":{"@context":"https:\/\/schema.org","@graph":[{"@type":"WebPage","@id":"https:\/\/krm-metalworking.com\/kontakt\/","url":"https:\/\/krm-metalworking.com\/kontakt\/","name":"Kontakt | KRM Metal Working","isPartOf":{"@id":"https:\/\/krm-metalworking.com\/#website"},"datePublished":"2023-02-06T06:50:33+00:00","dateModified":"2023-10-23T19:47:40+00:00","description":"Kontakt | KRM Metal Working \u26a1 Oferujemy szeroki zakres us\u0142ug frezowania, toczenia, przycinania, t\u0142oczenia metali \u2705 Zapraszamy!","breadcrumb":{"@id":"https:\/\/krm-metalworking.com\/kontakt\/#breadcrumb"},"inLanguage":"en-GB","potentialAction":[{"@type":"ReadAction","target":["https:\/\/krm-metalworking.com\/kontakt\/"]}]},{"@type":"BreadcrumbList","@id":"https:\/\/krm-metalworking.com\/kontakt\/#breadcrumb","itemListElement":[{"@type":"ListItem","position":1,"name":"Strona g\u0142\u00f3wna","item":"https:\/\/krm-metalworking.com\/"},{"@type":"ListItem","position":2,"name":"Kontakt"}]},{"@type":"WebSite","@id":"https:\/\/krm-metalworking.com\/#website","url":"https:\/\/krm-metalworking.com\/","name":"KRM Metal Working","description":"Kolejna witryna oparta na WordPressie","potentialAction":[{"@type":"SearchAction","target":{"@type":"EntryPoint","urlTemplate":"https:\/\/krm-metalworking.com\/?s={search_term_string}"},"query-input":"required name=search_term_string"}],"inLanguage":"en-GB"}]}},"_links":{"self":[{"href":"https:\/\/krm-metalworking.com\/en\/wp-json\/wp\/v2\/pages\/100223","targetHints":{"allow":["GET"]}}],"collection":[{"href":"https:\/\/krm-metalworking.com\/en\/wp-json\/wp\/v2\/pages"}],"about":[{"href":"https:\/\/krm-metalworking.com\/en\/wp-json\/wp\/v2\/types\/page"}],"author":[{"embeddable":true,"href":"https:\/\/krm-metalworking.com\/en\/wp-json\/wp\/v2\/users\/2"}],"replies":[{"embeddable":true,"href":"https:\/\/krm-metalworking.com\/en\/wp-json\/wp\/v2\/comments?post=100223"}],"version-history":[{"count":11,"href":"https:\/\/krm-metalworking.com\/en\/wp-json\/wp\/v2\/pages\/100223\/revisions"}],"predecessor-version":[{"id":100994,"href":"https:\/\/krm-metalworking.com\/en\/wp-json\/wp\/v2\/pages\/100223\/revisions\/100994"}],"wp:attachment":[{"href":"https:\/\/krm-metalworking.com\/en\/wp-json\/wp\/v2\/media?parent=100223"}],"curies":[{"name":"wp","href":"https:\/\/api.w.org\/{rel}","templated":true}]}}